{"id":1154,"date":"2024-07-01T00:00:31","date_gmt":"2024-07-01T03:00:31","guid":{"rendered":"http:\/\/www.financing.dev\/?page_id=12"},"modified":"2025-05-06T10:05:42","modified_gmt":"2025-05-06T13:05:42","slug":"home","status":"publish","type":"page","link":"https:\/\/aequitas.com.br\/en\/","title":{"rendered":"Home"},"content":{"rendered":"<div class=\"wpb-content-wrapper\"><div data-vc-full-width=\"true\" data-vc-full-width-init=\"false\" class=\"vc_row wpb_row vc_row-fluid vc_custom_1515776461181 vc_row-has-fill vc_row-o-equal-height vc_row-flex\"><div class=\"wpb_column vc_column_container vc_col-sm-6\"><div class=\"vc_column-inner\"><div class=\"wpb_wrapper\"><div style=\"margin:0px 0px 15px 0px;\" class=\"special-heading\">\r\n\t\t\t\t\t<h1 style=\"font-size:24px; font-weight:; line-height:; text-align:left; text-transform:none; color:;\">Welcome<\/h1>\r\n\t\t\t\t\t\r\n\t\t\t\t\t<p style=\"font-size:; text-align:left; color:;\"><\/p>\r\n\t\t\t\t<\/div>\n\t<div class=\"wpb_text_column wpb_content_element  vc_custom_1722286473172\" >\n\t\t<div class=\"wpb_wrapper\">\n\t\t\t<p style=\"font-weight: 400;\">AEQUITAS is a consultancy firm formed by engineers, specializing in revising infrastructure contracts through arbitration procedures, dispute boards, direct negotiation or mediation.<\/p>\n<p style=\"font-weight: 400;\">Drawing from the partners' experience gained over years on construction sites, the consultancy advises the Party on the evidence to be produced, strategically and technically identifying the core of the controversy.<\/p>\n<p style=\"font-weight: 400;\">The role may also be as a Co-arbitrator, member of a dispute board or as an Expert, preparing\nanalyses and diagnoses that assist the Arbitration Tribunal in its decision-making.<\/p>\n\n\t\t<\/div>\n\t<\/div>\n<div class=\"vc_empty_space\"   style=\"height: 32px\"><span class=\"vc_empty_space_inner\"><\/span><\/div><div class=\"vc_btn3-container vc_btn3-inline\" ><a class=\"vc_general vc_btn3 vc_btn3-size-md vc_btn3-shape-round vc_btn3-style-classic vc_btn3-color-default\" href=\"https:\/\/aequitas.com.br\/en\/?page_id=477\" title=\"Who we Are\">Who we Are<\/a><\/div><\/div><\/div><\/div><div class=\"wpb_column vc_column_container vc_col-sm-6\"><div class=\"vc_column-inner\"><div class=\"wpb_wrapper\">\n\t<div  class=\"wpb_single_image wpb_content_element vc_align_left\">\n\t\t\n\t\t<figure class=\"wpb_wrapper vc_figure\">\n\t\t\t<div class=\"vc_single_image-wrapper   vc_box_border_grey\"><img loading=\"lazy\" decoding=\"async\" width=\"2560\" height=\"1707\" src=\"https:\/\/aequitas.com.br\/wp-content\/uploads\/2024\/09\/Aequitas_WEB_075-A-scaled.jpg\" class=\"vc_single_image-img attachment-full\" alt=\"\" title=\"Aequitas_WEB_075-A\" srcset=\"https:\/\/aequitas.com.br\/wp-content\/uploads\/2024\/09\/Aequitas_WEB_075-A-scaled.jpg 2560w, https:\/\/aequitas.com.br\/wp-content\/uploads\/2024\/09\/Aequitas_WEB_075-A-300x200.jpg 300w, https:\/\/aequitas.com.br\/wp-content\/uploads\/2024\/09\/Aequitas_WEB_075-A-1024x683.jpg 1024w, https:\/\/aequitas.com.br\/wp-content\/uploads\/2024\/09\/Aequitas_WEB_075-A-768x512.jpg 768w, https:\/\/aequitas.com.br\/wp-content\/uploads\/2024\/09\/Aequitas_WEB_075-A-1536x1024.jpg 1536w, https:\/\/aequitas.com.br\/wp-content\/uploads\/2024\/09\/Aequitas_WEB_075-A-2048x1365.jpg 2048w, https:\/\/aequitas.com.br\/wp-content\/uploads\/2024\/09\/Aequitas_WEB_075-A-18x12.jpg 18w, https:\/\/aequitas.com.br\/wp-content\/uploads\/2024\/09\/Aequitas_WEB_075-A-600x400.jpg 600w\" sizes=\"auto, (max-width: 2560px) 100vw, 2560px\" \/><\/div>\n\t\t<\/figure>\n\t<\/div>\n<\/div><\/div><\/div><\/div><div class=\"vc_row-full-width vc_clearfix\"><\/div><div class=\"vc_row wpb_row vc_row-fluid vc_custom_1512444361445\"><div class=\"wpb_column vc_column_container vc_col-sm-12\"><div class=\"vc_column-inner\"><div class=\"wpb_wrapper\"><div style=\"margin:0px 0px 10px 0px;\" class=\"special-heading\">\r\n\t\t\t\t\t<h1 style=\"font-size:; font-weight:; line-height:; text-align:center; text-transform:none; color:;\">Areas of Expertise<\/h1>\r\n\t\t\t\t\t<div style=\"background-color:; text-align:center;\" class=\"heading-seperator center-sep\"><\/div>\r\n\t\t\t\t\t<p style=\"font-size:; text-align:center; color:;\">Discover AEQUITAS\u2019 main areas of activity.<\/p>\r\n\t\t\t\t<\/div><\/div><\/div><\/div><div class=\"wpb_column vc_column_container vc_col-sm-6\"><div class=\"vc_column-inner\"><div class=\"wpb_wrapper\"><div class=\"iconbox  iconbox-style-1\">\r\n\t\t\t\t\t\t<i style=\"color:; background-color:;\" class=\"fa fa-legal\"><\/i>\r\n\t\t\t\t\t\t<div class=\"iconbox-content\">\r\n\t\t\t\t\t\t\t<h3 style=\"color:;\">Arbitration<\/h3>\r\n\t\t\t\t\t\t\t<p style=\"color:;\">Our participation may be as one of the Co-Arbitrators who make up the Arbitration Tribunal, as\na Technical Assistant to the Party, as a Technical Witness or as an Expert to be appointed by\nthe Arbitration Tribunal.<\/p>\r\n                        \t<div class=\"iconbox-btn\"><a style=\"background-color:;\" href=\"https:\/\/aequitas.com.br\/en\/?page_id=538\" target=\"_self\">Learn More<\/a><\/div>                        \r\n\t\t\t\t\t\t<\/div>\r\n\t\t\t\t\t<\/div><div class=\"vc_separator wpb_content_element vc_separator_align_center vc_sep_width_100 vc_sep_pos_align_center vc_separator_no_text\" ><span class=\"vc_sep_holder vc_sep_holder_l\"><span style=\"border-color:#5ac3b6;\" class=\"vc_sep_line\"><\/span><\/span><span class=\"vc_sep_holder vc_sep_holder_r\"><span style=\"border-color:#5ac3b6;\" class=\"vc_sep_line\"><\/span><\/span>\n<\/div><div class=\"iconbox  iconbox-style-1\">\r\n\t\t\t\t\t\t<i style=\"color:; background-color:;\" class=\"fa fa-users\"><\/i>\r\n\t\t\t\t\t\t<div class=\"iconbox-content\">\r\n\t\t\t\t\t\t\t<h3 style=\"color:;\">Mediation<\/h3>\r\n\t\t\t\t\t\t\t<p style=\"color:;\">Acting as a facilitator, without expressing any opinions, taking sides in favor of either Party, nor\nadvising or issuing recommendations on what could be done or possible chances of success in\na subsequent dispute.<\/p>\r\n                        \t<div class=\"iconbox-btn\"><a style=\"background-color:;\" href=\"https:\/\/aequitas.com.br\/en\/?page_id=538#mediacao\" target=\"_self\">Learn More<\/a><\/div>                        \r\n\t\t\t\t\t\t<\/div>\r\n\t\t\t\t\t<\/div><div class=\"vc_separator wpb_content_element vc_separator_align_center vc_sep_width_100 vc_sep_pos_align_center vc_separator_no_text\" ><span class=\"vc_sep_holder vc_sep_holder_l\"><span style=\"border-color:#5ac3b6;\" class=\"vc_sep_line\"><\/span><\/span><span class=\"vc_sep_holder vc_sep_holder_r\"><span style=\"border-color:#5ac3b6;\" class=\"vc_sep_line\"><\/span><\/span>\n<\/div><\/div><\/div><\/div><div class=\"wpb_column vc_column_container vc_col-sm-6\"><div class=\"vc_column-inner\"><div class=\"wpb_wrapper\"><div class=\"iconbox  iconbox-style-1\">\r\n\t\t\t\t\t\t<i style=\"color:; background-color:;\" class=\"fa fa-file-text\"><\/i>\r\n\t\t\t\t\t\t<div class=\"iconbox-content\">\r\n\t\t\t\t\t\t\t<h3 style=\"color:;\">Dispute Board<\/h3>\r\n\t\t\t\t\t\t\t<p style=\"color:;\">Periodically visits the construction site to monitor the progress of the work. If any controversy\narises during the execution of the contract, the Party may request the Board to evaluate and\ngive its opinion on the matter.<\/p>\r\n                        \t<div class=\"iconbox-btn\"><a style=\"background-color:;\" href=\"https:\/\/aequitas.com.br\/en\/?page_id=538#dispute-board\" target=\"_self\">Learn More<\/a><\/div>                        \r\n\t\t\t\t\t\t<\/div>\r\n\t\t\t\t\t<\/div><div class=\"vc_separator wpb_content_element vc_separator_align_center vc_sep_width_100 vc_sep_pos_align_center vc_separator_no_text\" ><span class=\"vc_sep_holder vc_sep_holder_l\"><span style=\"border-color:#5ac3b6;\" class=\"vc_sep_line\"><\/span><\/span><span class=\"vc_sep_holder vc_sep_holder_r\"><span style=\"border-color:#5ac3b6;\" class=\"vc_sep_line\"><\/span><\/span>\n<\/div><div class=\"iconbox  iconbox-style-1\">\r\n\t\t\t\t\t\t<i style=\"color:; background-color:;\" class=\"fa fa-handshake-o\"><\/i>\r\n\t\t\t\t\t\t<div class=\"iconbox-content\">\r\n\t\t\t\t\t\t\t<h3 style=\"color:;\">Contract Revision<\/h3>\r\n\t\t\t\t\t\t\t<p style=\"color:;\">This occurs when any of the conditions established in an infrastructure contract are not\nfulfilled by the other Party or when the conditions are changed by an external factor beyond\nthe control of the Parties.<\/p>\r\n                        \t<div class=\"iconbox-btn\"><a style=\"background-color:;\" href=\"https:\/\/aequitas.com.br\/en\/?page_id=538#revisao-contratual\" target=\"_self\">Learn More<\/a><\/div>                        \r\n\t\t\t\t\t\t<\/div>\r\n\t\t\t\t\t<\/div><div class=\"vc_separator wpb_content_element vc_separator_align_center vc_sep_width_100 vc_sep_pos_align_center vc_separator_no_text\" ><span class=\"vc_sep_holder vc_sep_holder_l\"><span style=\"border-color:#5ac3b6;\" class=\"vc_sep_line\"><\/span><\/span><span class=\"vc_sep_holder vc_sep_holder_r\"><span style=\"border-color:#5ac3b6;\" class=\"vc_sep_line\"><\/span><\/span>\n<\/div><\/div><\/div><\/div><\/div><div data-vc-full-width=\"true\" data-vc-full-width-init=\"false\" class=\"vc_row wpb_row vc_row-fluid vc_custom_1512625133840 vc_row-has-fill\"><div class=\"wpb_column vc_column_container vc_col-sm-4\"><div class=\"vc_column-inner\"><div class=\"wpb_wrapper\"><div class=\"vc_empty_space\"   style=\"height: 40px\"><span class=\"vc_empty_space_inner\"><\/span><\/div><div style=\"margin:0px 0px 10px 0px;\" class=\"special-heading\">\r\n\t\t\t\t\t<h1 style=\"font-size:; font-weight:; line-height:; text-align:center; text-transform:none; color:#ffffff;\">Seals and<br \/>\nRecognitions<\/h1>\r\n\t\t\t\t\t<div style=\"background-color:; text-align:center;\" class=\"heading-seperator center-sep\"><\/div>\r\n\t\t\t\t\t<p style=\"font-size:; text-align:center; color:#ffffff;\"><\/p>\r\n\t\t\t\t<\/div><\/div><\/div><\/div><div class=\"wpb_column vc_column_container vc_col-sm-2\"><div class=\"vc_column-inner\"><div class=\"wpb_wrapper\">\n\t<div  class=\"wpb_single_image wpb_content_element vc_align_center\">\n\t\t\n\t\t<figure class=\"wpb_wrapper vc_figure\">\n\t\t\t<a href=\"https:\/\/www.leadersleague.com\/en\/rankings\/brazil-best-litigation-support-engineering-2025\" target=\"_blank\" class=\"vc_single_image-wrapper   vc_box_border_grey\"><img loading=\"lazy\" decoding=\"async\" width=\"150\" height=\"150\" src=\"https:\/\/aequitas.com.br\/wp-content\/uploads\/2025\/05\/Leaders-League-2025-300x300-130-150x150.png\" class=\"vc_single_image-img attachment-thumbnail\" alt=\"\" title=\"Leaders-League-2025-300x300-130\" srcset=\"https:\/\/aequitas.com.br\/wp-content\/uploads\/2025\/05\/Leaders-League-2025-300x300-130-150x150.png 150w, https:\/\/aequitas.com.br\/wp-content\/uploads\/2025\/05\/Leaders-League-2025-300x300-130-12x12.png 12w, https:\/\/aequitas.com.br\/wp-content\/uploads\/2025\/05\/Leaders-League-2025-300x300-130-50x50.png 50w, https:\/\/aequitas.com.br\/wp-content\/uploads\/2025\/05\/Leaders-League-2025-300x300-130.png 300w\" sizes=\"auto, (max-width: 150px) 100vw, 150px\" \/><\/a>\n\t\t<\/figure>\n\t<\/div>\n<\/div><\/div><\/div><div class=\"wpb_column vc_column_container vc_col-sm-2\"><div class=\"vc_column-inner\"><div class=\"wpb_wrapper\">\n\t<div  class=\"wpb_single_image wpb_content_element vc_align_center\">\n\t\t\n\t\t<figure class=\"wpb_wrapper vc_figure\">\n\t\t\t<a href=\"https:\/\/www.lexology.com\/firms\/1297452\/luiz_fernando_alongi\" target=\"_blank\" class=\"vc_single_image-wrapper   vc_box_border_grey\"><img loading=\"lazy\" decoding=\"async\" width=\"150\" height=\"150\" src=\"https:\/\/aequitas.com.br\/wp-content\/uploads\/2024\/07\/Selos-03-150x150.png\" class=\"vc_single_image-img attachment-thumbnail\" alt=\"\" title=\"Selos-03\" srcset=\"https:\/\/aequitas.com.br\/wp-content\/uploads\/2024\/07\/Selos-03-150x150.png 150w, https:\/\/aequitas.com.br\/wp-content\/uploads\/2024\/07\/Selos-03-50x50.png 50w, https:\/\/aequitas.com.br\/wp-content\/uploads\/2024\/07\/Selos-03.png 300w\" sizes=\"auto, (max-width: 150px) 100vw, 150px\" \/><\/a>\n\t\t<\/figure>\n\t<\/div>\n<\/div><\/div><\/div><div class=\"wpb_column vc_column_container vc_col-sm-2\"><div class=\"vc_column-inner\"><div class=\"wpb_wrapper\">\n\t<div  class=\"wpb_single_image wpb_content_element vc_align_center\">\n\t\t\n\t\t<figure class=\"wpb_wrapper vc_figure\">\n\t\t\t<a href=\"https:\/\/acquisitioninternational.digital\/winners\/aequitas-mediacao-e-consultoria\/\" target=\"_blank\" class=\"vc_single_image-wrapper   vc_box_border_grey\"><img loading=\"lazy\" decoding=\"async\" width=\"150\" height=\"150\" src=\"https:\/\/aequitas.com.br\/wp-content\/uploads\/2024\/07\/Selos_Prancheta-1-150x150.png\" class=\"vc_single_image-img attachment-thumbnail\" alt=\"\" title=\"Selos_Prancheta 1\" srcset=\"https:\/\/aequitas.com.br\/wp-content\/uploads\/2024\/07\/Selos_Prancheta-1-150x150.png 150w, https:\/\/aequitas.com.br\/wp-content\/uploads\/2024\/07\/Selos_Prancheta-1-50x50.png 50w, https:\/\/aequitas.com.br\/wp-content\/uploads\/2024\/07\/Selos_Prancheta-1.png 300w\" sizes=\"auto, (max-width: 150px) 100vw, 150px\" \/><\/a>\n\t\t<\/figure>\n\t<\/div>\n<\/div><\/div><\/div><div class=\"wpb_column vc_column_container vc_col-sm-2\"><div class=\"vc_column-inner\"><div class=\"wpb_wrapper\">\n\t<div  class=\"wpb_single_image wpb_content_element vc_align_center\">\n\t\t\n\t\t<figure class=\"wpb_wrapper vc_figure\">\n\t\t\t<a href=\"https:\/\/legalawards.lawyer-monthly.com\/\" target=\"_blank\" class=\"vc_single_image-wrapper   vc_box_border_grey\"><img loading=\"lazy\" decoding=\"async\" width=\"150\" height=\"150\" src=\"https:\/\/aequitas.com.br\/wp-content\/uploads\/2024\/07\/Selos-02-150x150.png\" class=\"vc_single_image-img attachment-thumbnail\" alt=\"\" title=\"Selos-02\" srcset=\"https:\/\/aequitas.com.br\/wp-content\/uploads\/2024\/07\/Selos-02-150x150.png 150w, https:\/\/aequitas.com.br\/wp-content\/uploads\/2024\/07\/Selos-02-50x50.png 50w, https:\/\/aequitas.com.br\/wp-content\/uploads\/2024\/07\/Selos-02.png 300w\" sizes=\"auto, (max-width: 150px) 100vw, 150px\" \/><\/a>\n\t\t<\/figure>\n\t<\/div>\n<\/div><\/div><\/div><\/div><div class=\"vc_row-full-width vc_clearfix\"><\/div>\n<\/div>","protected":false},"excerpt":{"rendered":"Bem-vindo(a) A AEQUITAS \u00e9 uma consultoria formada por engenheiros, especializada na revis\u00e3o de contratos de infraestrutura via procedimentos arbitrais, dispute boards, negocia\u00e7\u00e3o direta ou media\u00e7\u00e3o. A partir da experi\u00eancia dos s\u00f3cios, adquirida ao longo de anos em canteiros de obra, a consultoria assessora a Parte na prova a ser produzida, [...]","protected":false},"author":1,"featured_media":0,"parent":0,"menu_order":0,"comment_status":"closed","ping_status":"closed","template":"","meta":{"footnotes":""},"class_list":["post-1154","page","type-page","status-publish","hentry"],"aioseo_notices":[],"_links":{"self":[{"href":"https:\/\/aequitas.com.br\/en\/wp-json\/wp\/v2\/pages\/1154","targetHints":{"allow":["GET"]}}],"collection":[{"href":"https:\/\/aequitas.com.br\/en\/wp-json\/wp\/v2\/pages"}],"about":[{"href":"https:\/\/aequitas.com.br\/en\/wp-json\/wp\/v2\/types\/page"}],"author":[{"embeddable":true,"href":"https:\/\/aequitas.com.br\/en\/wp-json\/wp\/v2\/users\/1"}],"replies":[{"embeddable":true,"href":"https:\/\/aequitas.com.br\/en\/wp-json\/wp\/v2\/comments?post=1154"}],"version-history":[{"count":30,"href":"https:\/\/aequitas.com.br\/en\/wp-json\/wp\/v2\/pages\/1154\/revisions"}],"predecessor-version":[{"id":3321,"href":"https:\/\/aequitas.com.br\/en\/wp-json\/wp\/v2\/pages\/1154\/revisions\/3321"}],"wp:attachment":[{"href":"https:\/\/aequitas.com.br\/en\/wp-json\/wp\/v2\/media?parent=1154"}],"curies":[{"name":"wp","href":"https:\/\/api.w.org\/{rel}","templated":true}]}}